{"id":2492,"date":"2024-09-30T14:50:34","date_gmt":"2024-09-30T12:50:34","guid":{"rendered":"https:\/\/seilaartdresses.com\/?page_id=2492"},"modified":"2024-09-30T14:52:01","modified_gmt":"2024-09-30T12:52:01","slug":"cart","status":"publish","type":"page","link":"https:\/\/seilaartdresses.com\/en\/cart\/","title":{"rendered":"Basket"},"content":{"rendered":"\t\t<div data-elementor-type=\"wp-page\" data-elementor-id=\"2492\" class=\"elementor elementor-2492 elementor-43\" data-elementor-post-type=\"page\">\n\t\t\t\t<div class=\"elementor-element elementor-element-26f095e e-flex e-con-boxed e-con e-parent\" data-id=\"26f095e\" data-element_type=\"container\" data-e-type=\"container\" data-settings=\"{&quot;jet_parallax_layout_list&quot;:[]}\">\n\t\t\t\t\t<div class=\"e-con-inner\">\n\t\t\t\t<div class=\"elementor-element elementor-element-42e15db elementor-widget elementor-widget-heading\" data-id=\"42e15db\" data-element_type=\"widget\" data-e-type=\"widget\" data-widget_type=\"heading.default\">\n\t\t\t\t<div class=\"elementor-widget-container\">\n\t\t\t\t\t<h2 class=\"elementor-heading-title elementor-size-default\">Basket<\/h2>\t\t\t\t<\/div>\n\t\t\t\t<\/div>\n\t\t\t\t\t<\/div>\n\t\t\t\t<\/div>\n\t\t<div class=\"elementor-element elementor-element-33ff8ec e-flex e-con-boxed e-con e-parent\" data-id=\"33ff8ec\" data-element_type=\"container\" data-e-type=\"container\" data-settings=\"{&quot;jet_parallax_layout_list&quot;:[]}\">\n\t\t\t\t\t<div class=\"e-con-inner\">\n\t\t\t\t<div class=\"elementor-element elementor-element-af638ed e-cart-layout-two-column elementor-widget elementor-widget-woocommerce-cart\" data-id=\"af638ed\" data-element_type=\"widget\" data-e-type=\"widget\" data-widget_type=\"woocommerce-cart.default\">\n\t\t\t\t<div class=\"elementor-widget-container\">\n\t\t\t\t\t<div class=\"woocommerce\"><div class=\"woocommerce-notices-wrapper\"><\/div><div class=\"wc-empty-cart-message\">\n\t<div class=\"cart-empty woocommerce-info\" role=\"status\">\n\t\tYour cart is currently empty.\t<\/div>\n<\/div>\t<p class=\"return-to-shop\">\n\t\t<a class=\"button wc-backward\" href=\"https:\/\/seilaartdresses.com\/en\/shop\/\">\n\t\t\tReturn to shop\t\t<\/a>\n\t<\/p>\n<\/div>\t\t\t\t<\/div>\n\t\t\t\t<\/div>\n\t\t\t\t<div class=\"elementor-element elementor-element-2fce19d elementor-widget elementor-widget-spacer\" data-id=\"2fce19d\" data-element_type=\"widget\" data-e-type=\"widget\" data-widget_type=\"spacer.default\">\n\t\t\t\t<div class=\"elementor-widget-container\">\n\t\t\t\t\t\t\t<div class=\"elementor-spacer\">\n\t\t\t<div class=\"elementor-spacer-inner\"><\/div>\n\t\t<\/div>\n\t\t\t\t\t\t<\/div>\n\t\t\t\t<\/div>\n\t\t\t\t\t<\/div>\n\t\t\t\t<\/div>\n\t\t\t\t<\/div>\n\t\t","protected":false},"excerpt":{"rendered":"<p>Basket Remove item Thumbnail image Product Price Quantity Subtotal &times; Koszula mu\u015blinowa Leo Rozmiar: L\/XL Kolor: ciemny be\u017c &euro;139 Koszula mu\u015blinowa Leo&nbsp; quantity &euro;556 Update Basket summary Subtotal &euro;556 Shipping Kurier: &euro;25 Darmowa wysy\u0142ka kurier Shipping to ul. Bogaty\u0144ska 12\/2, Wroc\u0142aw, 54-106, United States (US). Change address Country \/ region: Select a country \/ region&hellip;Afghanistan\u00c5land&hellip;&nbsp;<a href=\"https:\/\/seilaartdresses.com\/en\/cart\/\" rel=\"bookmark\">Read More &raquo;<span class=\"screen-reader-text\">Basket<\/span><\/a><\/p>\n","protected":false},"author":1,"featured_media":0,"parent":0,"menu_order":0,"comment_status":"closed","ping_status":"closed","template":"elementor_header_footer","meta":{"neve_meta_sidebar":"","neve_meta_container":"","neve_meta_enable_content_width":"","neve_meta_content_width":0,"neve_meta_title_alignment":"","neve_meta_author_avatar":"","neve_post_elements_order":"","neve_meta_disable_header":"","neve_meta_disable_footer":"","neve_meta_disable_title":"","footnotes":""},"class_list":["post-2492","page","type-page","status-publish","hentry"],"yoast_head":"<!-- This site is optimized with the Yoast SEO plugin v27.4 - https:\/\/yoast.com\/product\/yoast-seo-wordpress\/ -->\n<title>Basket - Seila<\/title>\n<meta name=\"robots\" content=\"index, follow, max-snippet:-1, max-image-preview:large, max-video-preview:-1\" \/>\n<link rel=\"canonical\" href=\"https:\/\/seilaartdresses.com\/koszyk\/\" \/>\n<meta property=\"og:locale\" content=\"en_US\" \/>\n<meta property=\"og:type\" content=\"article\" \/>\n<meta property=\"og:title\" content=\"Basket - Seila\" \/>\n<meta property=\"og:description\" content=\"Basket Remove item Thumbnail image Product Price Quantity Subtotal &times; Koszula mu\u015blinowa Leo Rozmiar: L\/XL Kolor: ciemny be\u017c &euro;139 Koszula mu\u015blinowa Leo&nbsp; quantity &euro;556 Update Basket summary Subtotal &euro;556 Shipping Kurier: &euro;25 Darmowa wysy\u0142ka kurier Shipping to ul. Bogaty\u0144ska 12\/2, Wroc\u0142aw, 54-106, United States (US). Change address Country \/ region: Select a country \/ region&hellip;Afghanistan\u00c5land&hellip;&nbsp;Read More &raquo;Basket\" \/>\n<meta property=\"og:url\" content=\"https:\/\/seilaartdresses.com\/koszyk\/\" \/>\n<meta property=\"og:site_name\" content=\"Seila\" \/>\n<meta property=\"article:modified_time\" content=\"2024-09-30T12:52:01+00:00\" \/>\n<meta property=\"og:image\" content=\"https:\/\/seilaartdresses.com\/wp-content\/uploads\/2024\/09\/IMG_20240913_163037_864-1000x1250.webp\" \/>\n<meta name=\"twitter:card\" content=\"summary_large_image\" \/>\n<meta name=\"twitter:label1\" content=\"Est. reading time\" \/>\n\t<meta name=\"twitter:data1\" content=\"3 minutes\" \/>\n<script type=\"application\/ld+json\" class=\"yoast-schema-graph\">{\"@context\":\"https:\\\/\\\/schema.org\",\"@graph\":[{\"@type\":\"WebPage\",\"@id\":\"https:\\\/\\\/seilaartdresses.com\\\/koszyk\\\/\",\"url\":\"https:\\\/\\\/seilaartdresses.com\\\/koszyk\\\/\",\"name\":\"Basket - Seila\",\"isPartOf\":{\"@id\":\"https:\\\/\\\/seilaartdresses.com\\\/#website\"},\"primaryImageOfPage\":{\"@id\":\"https:\\\/\\\/seilaartdresses.com\\\/koszyk\\\/#primaryimage\"},\"image\":{\"@id\":\"https:\\\/\\\/seilaartdresses.com\\\/koszyk\\\/#primaryimage\"},\"thumbnailUrl\":\"https:\\\/\\\/seilaartdresses.com\\\/wp-content\\\/uploads\\\/2024\\\/09\\\/IMG_20240913_163037_864-1000x1250.webp\",\"datePublished\":\"2024-09-30T12:50:34+00:00\",\"dateModified\":\"2024-09-30T12:52:01+00:00\",\"breadcrumb\":{\"@id\":\"https:\\\/\\\/seilaartdresses.com\\\/koszyk\\\/#breadcrumb\"},\"inLanguage\":\"en-US\",\"potentialAction\":[{\"@type\":\"ReadAction\",\"target\":[\"https:\\\/\\\/seilaartdresses.com\\\/koszyk\\\/\"]}]},{\"@type\":\"ImageObject\",\"inLanguage\":\"en-US\",\"@id\":\"https:\\\/\\\/seilaartdresses.com\\\/koszyk\\\/#primaryimage\",\"url\":\"https:\\\/\\\/seilaartdresses.com\\\/wp-content\\\/uploads\\\/2024\\\/09\\\/IMG_20240913_163037_864-1000x1250.webp\",\"contentUrl\":\"https:\\\/\\\/seilaartdresses.com\\\/wp-content\\\/uploads\\\/2024\\\/09\\\/IMG_20240913_163037_864-1000x1250.webp\"},{\"@type\":\"BreadcrumbList\",\"@id\":\"https:\\\/\\\/seilaartdresses.com\\\/koszyk\\\/#breadcrumb\",\"itemListElement\":[{\"@type\":\"ListItem\",\"position\":1,\"name\":\"Strona g\u0142\u00f3wna\",\"item\":\"https:\\\/\\\/seilaartdresses.com\\\/en\\\/\"},{\"@type\":\"ListItem\",\"position\":2,\"name\":\"Basket\"}]},{\"@type\":\"WebSite\",\"@id\":\"https:\\\/\\\/seilaartdresses.com\\\/#website\",\"url\":\"https:\\\/\\\/seilaartdresses.com\\\/\",\"name\":\"Seila\",\"description\":\"\",\"potentialAction\":[{\"@type\":\"SearchAction\",\"target\":{\"@type\":\"EntryPoint\",\"urlTemplate\":\"https:\\\/\\\/seilaartdresses.com\\\/?s={search_term_string}\"},\"query-input\":{\"@type\":\"PropertyValueSpecification\",\"valueRequired\":true,\"valueName\":\"search_term_string\"}}],\"inLanguage\":\"en-US\"}]}<\/script>\n<!-- \/ Yoast SEO plugin. -->","yoast_head_json":{"title":"Basket - Seila","robots":{"index":"index","follow":"follow","max-snippet":"max-snippet:-1","max-image-preview":"max-image-preview:large","max-video-preview":"max-video-preview:-1"},"canonical":"https:\/\/seilaartdresses.com\/koszyk\/","og_locale":"en_US","og_type":"article","og_title":"Basket - Seila","og_description":"Basket Remove item Thumbnail image Product Price Quantity Subtotal &times; Koszula mu\u015blinowa Leo Rozmiar: L\/XL Kolor: ciemny be\u017c &euro;139 Koszula mu\u015blinowa Leo&nbsp; quantity &euro;556 Update Basket summary Subtotal &euro;556 Shipping Kurier: &euro;25 Darmowa wysy\u0142ka kurier Shipping to ul. Bogaty\u0144ska 12\/2, Wroc\u0142aw, 54-106, United States (US). Change address Country \/ region: Select a country \/ region&hellip;Afghanistan\u00c5land&hellip;&nbsp;Read More &raquo;Basket","og_url":"https:\/\/seilaartdresses.com\/koszyk\/","og_site_name":"Seila","article_modified_time":"2024-09-30T12:52:01+00:00","og_image":[{"url":"https:\/\/seilaartdresses.com\/wp-content\/uploads\/2024\/09\/IMG_20240913_163037_864-1000x1250.webp","type":"","width":"","height":""}],"twitter_card":"summary_large_image","twitter_misc":{"Est. reading time":"3 minutes"},"schema":{"@context":"https:\/\/schema.org","@graph":[{"@type":"WebPage","@id":"https:\/\/seilaartdresses.com\/koszyk\/","url":"https:\/\/seilaartdresses.com\/koszyk\/","name":"Basket - Seila","isPartOf":{"@id":"https:\/\/seilaartdresses.com\/#website"},"primaryImageOfPage":{"@id":"https:\/\/seilaartdresses.com\/koszyk\/#primaryimage"},"image":{"@id":"https:\/\/seilaartdresses.com\/koszyk\/#primaryimage"},"thumbnailUrl":"https:\/\/seilaartdresses.com\/wp-content\/uploads\/2024\/09\/IMG_20240913_163037_864-1000x1250.webp","datePublished":"2024-09-30T12:50:34+00:00","dateModified":"2024-09-30T12:52:01+00:00","breadcrumb":{"@id":"https:\/\/seilaartdresses.com\/koszyk\/#breadcrumb"},"inLanguage":"en-US","potentialAction":[{"@type":"ReadAction","target":["https:\/\/seilaartdresses.com\/koszyk\/"]}]},{"@type":"ImageObject","inLanguage":"en-US","@id":"https:\/\/seilaartdresses.com\/koszyk\/#primaryimage","url":"https:\/\/seilaartdresses.com\/wp-content\/uploads\/2024\/09\/IMG_20240913_163037_864-1000x1250.webp","contentUrl":"https:\/\/seilaartdresses.com\/wp-content\/uploads\/2024\/09\/IMG_20240913_163037_864-1000x1250.webp"},{"@type":"BreadcrumbList","@id":"https:\/\/seilaartdresses.com\/koszyk\/#breadcrumb","itemListElement":[{"@type":"ListItem","position":1,"name":"Strona g\u0142\u00f3wna","item":"https:\/\/seilaartdresses.com\/en\/"},{"@type":"ListItem","position":2,"name":"Basket"}]},{"@type":"WebSite","@id":"https:\/\/seilaartdresses.com\/#website","url":"https:\/\/seilaartdresses.com\/","name":"Seila","description":"","potentialAction":[{"@type":"SearchAction","target":{"@type":"EntryPoint","urlTemplate":"https:\/\/seilaartdresses.com\/?s={search_term_string}"},"query-input":{"@type":"PropertyValueSpecification","valueRequired":true,"valueName":"search_term_string"}}],"inLanguage":"en-US"}]}},"_links":{"self":[{"href":"https:\/\/seilaartdresses.com\/en\/wp-json\/wp\/v2\/pages\/2492","targetHints":{"allow":["GET"]}}],"collection":[{"href":"https:\/\/seilaartdresses.com\/en\/wp-json\/wp\/v2\/pages"}],"about":[{"href":"https:\/\/seilaartdresses.com\/en\/wp-json\/wp\/v2\/types\/page"}],"author":[{"embeddable":true,"href":"https:\/\/seilaartdresses.com\/en\/wp-json\/wp\/v2\/users\/1"}],"replies":[{"embeddable":true,"href":"https:\/\/seilaartdresses.com\/en\/wp-json\/wp\/v2\/comments?post=2492"}],"version-history":[{"count":3,"href":"https:\/\/seilaartdresses.com\/en\/wp-json\/wp\/v2\/pages\/2492\/revisions"}],"predecessor-version":[{"id":2497,"href":"https:\/\/seilaartdresses.com\/en\/wp-json\/wp\/v2\/pages\/2492\/revisions\/2497"}],"wp:attachment":[{"href":"https:\/\/seilaartdresses.com\/en\/wp-json\/wp\/v2\/media?parent=2492"}],"curies":[{"name":"wp","href":"https:\/\/api.w.org\/{rel}","templated":true}]}}