{"id":5327,"date":"2026-01-15T20:49:27","date_gmt":"2026-01-15T19:49:27","guid":{"rendered":"https:\/\/seilaartdresses.com\/?post_type=product&#038;p=5327"},"modified":"2026-01-19T19:03:49","modified_gmt":"2026-01-19T18:03:49","slug":"suknia-alma","status":"publish","type":"product","link":"https:\/\/seilaartdresses.com\/en\/produkt\/suknia-alma\/","title":{"rendered":"Suknia Alma"},"content":{"rendered":"<p>D\u0142uga suknia wykonana z przepi\u0119knej i delikatnej koronki.<br \/>\nTa jako\u015b\u0107 jest zachwycaj\u0105ca.<br \/>\nD\u00f3\u0142 to pi\u0119kna plisowana tkanina w kolorze starego z\u0142ota.<\/p>\n<p>&#8211; rozmiar uniwersalny (s-xl)<br \/>\n&#8211; kolory*: z\u0142oto\/be\u017c<br \/>\n&#8211; wyj\u0105tkowy wz\u00f3r w paski<br \/>\n&#8211; g\u0142\u0119boki dekolt w serek<br \/>\n&#8211; odkryte plecy w serek<br \/>\n&#8211; r\u0119kaw na pufce<br \/>\n&#8211; rozci\u0119ty d\u0142ugi d\u00f3\u0142<br \/>\n&#8211; lu\u017any kr\u00f3j, oversize<\/p>\n<p>*Nale\u017cy pami\u0119ta\u0107, \u017ce rzeczywiste kolory mog\u0105 si\u0119 r\u00f3\u017cni\u0107 ze wzgl\u0119du na rozdzielczo\u015b\u0107 komputera i ograniczenia kolorystyczne monitora.<br \/>\nFotografowie modyfikuj\u0105 odcienie, dodaj\u0105 filtry, wi\u0119c przy wyborze koloru sukienki najlepiej skorzysta\u0107 z samplera tkanin \ud83d\ude42<br \/>\n<strong><br \/>\nCzas realizacji: 2 tygodnie<\/strong><\/p>\n","protected":false},"excerpt":{"rendered":"<p>Elegancja po\u0142\u0105czona z boho ? Say yes \ud83d\ude09<\/p>\n","protected":false},"featured_media":5334,"template":"","meta":{"neve_meta_sidebar":"","neve_meta_container":"","neve_meta_enable_content_width":"off","neve_meta_content_width":100,"neve_meta_title_alignment":"","neve_meta_author_avatar":"","neve_post_elements_order":"","neve_meta_disable_header":"","neve_meta_disable_footer":"","neve_meta_disable_title":""},"product_brand":[],"product_cat":[55,54],"product_tag":[],"class_list":{"0":"post-5327","1":"product","2":"type-product","3":"status-publish","4":"has-post-thumbnail","6":"product_cat-suknie","7":"product_cat-suknie-do-sesji","9":"first","10":"instock","11":"taxable","12":"shipping-taxable","13":"purchasable","14":"product-type-simple"},"yoast_head":"<!-- This site is optimized with the Yoast SEO plugin v27.5 - https:\/\/yoast.com\/product\/yoast-seo-wordpress\/ -->\n<title>Suknia Alma - Seila<\/title>\n<meta name=\"description\" content=\"Suknia, kt\u00f3ra \u0142\u0105czy elegancj\u0119 z komfortem! Plisowany d\u00f3\u0142 i uniwersalny rozmiar sprawi\u0105, \u017ce ka\u017cda kobieta poczuje si\u0119 pi\u0119knie podczas swojej sesji.\" \/>\n<meta name=\"robots\" content=\"index, follow, max-snippet:-1, max-image-preview:large, max-video-preview:-1\" \/>\n<link rel=\"canonical\" href=\"https:\/\/seilaartdresses.com\/produkt\/suknia-alma\/\" \/>\n<meta property=\"og:locale\" content=\"en_US\" \/>\n<meta property=\"og:type\" content=\"article\" \/>\n<meta property=\"og:title\" content=\"Suknia Alma - Seila\" \/>\n<meta property=\"og:description\" content=\"Suknia, kt\u00f3ra \u0142\u0105czy elegancj\u0119 z komfortem! Plisowany d\u00f3\u0142 i uniwersalny rozmiar sprawi\u0105, \u017ce ka\u017cda kobieta poczuje si\u0119 pi\u0119knie podczas swojej sesji.\" \/>\n<meta property=\"og:url\" content=\"https:\/\/seilaartdresses.com\/produkt\/suknia-alma\/\" \/>\n<meta property=\"og:site_name\" content=\"Seila\" \/>\n<meta property=\"article:modified_time\" content=\"2026-01-19T18:03:49+00:00\" \/>\n<meta property=\"og:image\" content=\"https:\/\/seilaartdresses.com\/wp-content\/uploads\/2026\/01\/RT-Seila-beige-03m-scaled.jpg\" \/>\n\t<meta property=\"og:image:width\" content=\"1707\" \/>\n\t<meta property=\"og:image:height\" content=\"2560\" \/>\n\t<meta property=\"og:image:type\" content=\"image\/jpeg\" \/>\n<meta name=\"twitter:card\" content=\"summary_large_image\" \/>\n<meta name=\"twitter:label1\" content=\"Est. reading time\" \/>\n\t<meta name=\"twitter:data1\" content=\"1 minute\" \/>\n<script type=\"application\/ld+json\" class=\"yoast-schema-graph\">{\"@context\":\"https:\\\/\\\/schema.org\",\"@graph\":[{\"@type\":\"WebPage\",\"@id\":\"https:\\\/\\\/seilaartdresses.com\\\/produkt\\\/suknia-alma\\\/\",\"url\":\"https:\\\/\\\/seilaartdresses.com\\\/produkt\\\/suknia-alma\\\/\",\"name\":\"Suknia Alma - Seila\",\"isPartOf\":{\"@id\":\"https:\\\/\\\/seilaartdresses.com\\\/#website\"},\"primaryImageOfPage\":{\"@id\":\"https:\\\/\\\/seilaartdresses.com\\\/produkt\\\/suknia-alma\\\/#primaryimage\"},\"image\":{\"@id\":\"https:\\\/\\\/seilaartdresses.com\\\/produkt\\\/suknia-alma\\\/#primaryimage\"},\"thumbnailUrl\":\"https:\\\/\\\/seilaartdresses.com\\\/wp-content\\\/uploads\\\/2026\\\/01\\\/RT-Seila-beige-03m-scaled.jpg\",\"datePublished\":\"2026-01-15T19:49:27+00:00\",\"dateModified\":\"2026-01-19T18:03:49+00:00\",\"description\":\"Suknia, kt\u00f3ra \u0142\u0105czy elegancj\u0119 z komfortem! Plisowany d\u00f3\u0142 i uniwersalny rozmiar sprawi\u0105, \u017ce ka\u017cda kobieta poczuje si\u0119 pi\u0119knie podczas swojej sesji.\",\"breadcrumb\":{\"@id\":\"https:\\\/\\\/seilaartdresses.com\\\/produkt\\\/suknia-alma\\\/#breadcrumb\"},\"inLanguage\":\"en-US\",\"potentialAction\":[{\"@type\":\"ReadAction\",\"target\":[\"https:\\\/\\\/seilaartdresses.com\\\/produkt\\\/suknia-alma\\\/\"]}]},{\"@type\":\"ImageObject\",\"inLanguage\":\"en-US\",\"@id\":\"https:\\\/\\\/seilaartdresses.com\\\/produkt\\\/suknia-alma\\\/#primaryimage\",\"url\":\"https:\\\/\\\/seilaartdresses.com\\\/wp-content\\\/uploads\\\/2026\\\/01\\\/RT-Seila-beige-03m-scaled.jpg\",\"contentUrl\":\"https:\\\/\\\/seilaartdresses.com\\\/wp-content\\\/uploads\\\/2026\\\/01\\\/RT-Seila-beige-03m-scaled.jpg\",\"width\":1707,\"height\":2560},{\"@type\":\"BreadcrumbList\",\"@id\":\"https:\\\/\\\/seilaartdresses.com\\\/produkt\\\/suknia-alma\\\/#breadcrumb\",\"itemListElement\":[{\"@type\":\"ListItem\",\"position\":1,\"name\":\"Strona g\u0142\u00f3wna\",\"item\":\"https:\\\/\\\/seilaartdresses.com\\\/en\\\/\"},{\"@type\":\"ListItem\",\"position\":2,\"name\":\"Shop\",\"item\":\"https:\\\/\\\/seilaartdresses.com\\\/en\\\/shop\\\/\"},{\"@type\":\"ListItem\",\"position\":3,\"name\":\"Suknia Alma\"}]},{\"@type\":\"WebSite\",\"@id\":\"https:\\\/\\\/seilaartdresses.com\\\/#website\",\"url\":\"https:\\\/\\\/seilaartdresses.com\\\/\",\"name\":\"Seila\",\"description\":\"\",\"potentialAction\":[{\"@type\":\"SearchAction\",\"target\":{\"@type\":\"EntryPoint\",\"urlTemplate\":\"https:\\\/\\\/seilaartdresses.com\\\/?s={search_term_string}\"},\"query-input\":{\"@type\":\"PropertyValueSpecification\",\"valueRequired\":true,\"valueName\":\"search_term_string\"}}],\"inLanguage\":\"en-US\"}]}<\/script>\n<!-- \/ Yoast SEO plugin. -->","yoast_head_json":{"title":"Suknia Alma - Seila","description":"Suknia, kt\u00f3ra \u0142\u0105czy elegancj\u0119 z komfortem! Plisowany d\u00f3\u0142 i uniwersalny rozmiar sprawi\u0105, \u017ce ka\u017cda kobieta poczuje si\u0119 pi\u0119knie podczas swojej sesji.","robots":{"index":"index","follow":"follow","max-snippet":"max-snippet:-1","max-image-preview":"max-image-preview:large","max-video-preview":"max-video-preview:-1"},"canonical":"https:\/\/seilaartdresses.com\/produkt\/suknia-alma\/","og_locale":"en_US","og_type":"article","og_title":"Suknia Alma - Seila","og_description":"Suknia, kt\u00f3ra \u0142\u0105czy elegancj\u0119 z komfortem! Plisowany d\u00f3\u0142 i uniwersalny rozmiar sprawi\u0105, \u017ce ka\u017cda kobieta poczuje si\u0119 pi\u0119knie podczas swojej sesji.","og_url":"https:\/\/seilaartdresses.com\/produkt\/suknia-alma\/","og_site_name":"Seila","article_modified_time":"2026-01-19T18:03:49+00:00","og_image":[{"width":1707,"height":2560,"url":"https:\/\/seilaartdresses.com\/wp-content\/uploads\/2026\/01\/RT-Seila-beige-03m-scaled.jpg","type":"image\/jpeg"}],"twitter_card":"summary_large_image","twitter_misc":{"Est. reading time":"1 minute"},"schema":{"@context":"https:\/\/schema.org","@graph":[{"@type":"WebPage","@id":"https:\/\/seilaartdresses.com\/produkt\/suknia-alma\/","url":"https:\/\/seilaartdresses.com\/produkt\/suknia-alma\/","name":"Suknia Alma - Seila","isPartOf":{"@id":"https:\/\/seilaartdresses.com\/#website"},"primaryImageOfPage":{"@id":"https:\/\/seilaartdresses.com\/produkt\/suknia-alma\/#primaryimage"},"image":{"@id":"https:\/\/seilaartdresses.com\/produkt\/suknia-alma\/#primaryimage"},"thumbnailUrl":"https:\/\/seilaartdresses.com\/wp-content\/uploads\/2026\/01\/RT-Seila-beige-03m-scaled.jpg","datePublished":"2026-01-15T19:49:27+00:00","dateModified":"2026-01-19T18:03:49+00:00","description":"Suknia, kt\u00f3ra \u0142\u0105czy elegancj\u0119 z komfortem! Plisowany d\u00f3\u0142 i uniwersalny rozmiar sprawi\u0105, \u017ce ka\u017cda kobieta poczuje si\u0119 pi\u0119knie podczas swojej sesji.","breadcrumb":{"@id":"https:\/\/seilaartdresses.com\/produkt\/suknia-alma\/#breadcrumb"},"inLanguage":"en-US","potentialAction":[{"@type":"ReadAction","target":["https:\/\/seilaartdresses.com\/produkt\/suknia-alma\/"]}]},{"@type":"ImageObject","inLanguage":"en-US","@id":"https:\/\/seilaartdresses.com\/produkt\/suknia-alma\/#primaryimage","url":"https:\/\/seilaartdresses.com\/wp-content\/uploads\/2026\/01\/RT-Seila-beige-03m-scaled.jpg","contentUrl":"https:\/\/seilaartdresses.com\/wp-content\/uploads\/2026\/01\/RT-Seila-beige-03m-scaled.jpg","width":1707,"height":2560},{"@type":"BreadcrumbList","@id":"https:\/\/seilaartdresses.com\/produkt\/suknia-alma\/#breadcrumb","itemListElement":[{"@type":"ListItem","position":1,"name":"Strona g\u0142\u00f3wna","item":"https:\/\/seilaartdresses.com\/en\/"},{"@type":"ListItem","position":2,"name":"Shop","item":"https:\/\/seilaartdresses.com\/en\/shop\/"},{"@type":"ListItem","position":3,"name":"Suknia Alma"}]},{"@type":"WebSite","@id":"https:\/\/seilaartdresses.com\/#website","url":"https:\/\/seilaartdresses.com\/","name":"Seila","description":"","potentialAction":[{"@type":"SearchAction","target":{"@type":"EntryPoint","urlTemplate":"https:\/\/seilaartdresses.com\/?s={search_term_string}"},"query-input":{"@type":"PropertyValueSpecification","valueRequired":true,"valueName":"search_term_string"}}],"inLanguage":"en-US"}]}},"_links":{"self":[{"href":"https:\/\/seilaartdresses.com\/en\/wp-json\/wp\/v2\/product\/5327","targetHints":{"allow":["GET"]}}],"collection":[{"href":"https:\/\/seilaartdresses.com\/en\/wp-json\/wp\/v2\/product"}],"about":[{"href":"https:\/\/seilaartdresses.com\/en\/wp-json\/wp\/v2\/types\/product"}],"wp:featuredmedia":[{"embeddable":true,"href":"https:\/\/seilaartdresses.com\/en\/wp-json\/wp\/v2\/media\/5334"}],"wp:attachment":[{"href":"https:\/\/seilaartdresses.com\/en\/wp-json\/wp\/v2\/media?parent=5327"}],"wp:term":[{"taxonomy":"product_brand","embeddable":true,"href":"https:\/\/seilaartdresses.com\/en\/wp-json\/wp\/v2\/product_brand?post=5327"},{"taxonomy":"product_cat","embeddable":true,"href":"https:\/\/seilaartdresses.com\/en\/wp-json\/wp\/v2\/product_cat?post=5327"},{"taxonomy":"product_tag","embeddable":true,"href":"https:\/\/seilaartdresses.com\/en\/wp-json\/wp\/v2\/product_tag?post=5327"}],"curies":[{"name":"wp","href":"https:\/\/api.w.org\/{rel}","templated":true}]}}